{"id":2191,"date":"2025-05-22T21:25:26","date_gmt":"2025-05-22T21:25:26","guid":{"rendered":"https:\/\/monteirogrill.com\/?page_id=2191"},"modified":"2025-08-27T14:28:09","modified_gmt":"2025-08-27T14:28:09","slug":"rachel","status":"publish","type":"page","link":"https:\/\/monteirogrill.com\/en\/our-branches\/rachel\/","title":{"rendered":"Rachel"},"content":{"rendered":"<section class=\"wpb-content-wrapper\"><p>[vc_row full_width=&#8221;stretch_row&#8221; css=&#8221;.vc_custom_1526507608554{background-image: url(http:\/\/monteirogrill.com\/wp-content\/uploads\/2018\/05\/Franchin05.jpg?id=243) !important;background-position: center !important;background-repeat: no-repeat !important;background-size: cover !important;}&#8221;][vc_column css=&#8221;.vc_custom_1529593129554{padding-top: 5% !important;padding-bottom: 5% !important;}&#8221;][vc_column_text]<\/p>\n<h5><span style=\"color: #000000; font-size: 48px;\"><span style=\"color: #ffffff;\">RACHEL<\/span><\/span><\/h5>\n<p>[\/vc_column_text][vc_empty_space height=&#8221;15px&#8221;][vc_column_text]<img loading=\"lazy\" decoding=\"async\" style=\"margin-top: -10px; margin-bottom: 10px;\" src=\"https:\/\/monteirogrill.com\/wp-content\/uploads\/2018\/05\/home-img-adresssep-orge.jpg\" alt=\"\" width=\"120\" height=\"4\" \/>[\/vc_column_text][vc_row_inner][vc_column_inner width=&#8221;1\/4&#8243;][vc_column_text]<span style=\"color: #ffffff;\"><strong>970 Rue Rachel E<\/strong><\/span><br \/>\n<span style=\"color: #ffffff;\"> Montr\u00e9al, QC <\/span><span style=\"color: #ffffff;\">H2J 2J3<\/span><\/p>\n<h6 style=\"margin-top: -20px;\"><span style=\"color: #ec6e1a;\">438-375-7371<\/span><\/h6>\n<p>[\/vc_column_text][\/vc_column_inner][vc_column_inner width=&#8221;1\/2&#8243;][vc_column_text]<\/p>\n<p style=\"text-align: justify;\"><span style=\"color: #ffffff;\">Welcome to Monteiro Express, your culinary destination in the heart of Montreal! Located at 970 Rue Rachel E, Montreal, QC H2J 2J3, just steps away from La Fontaine Park, our restaurant invites you to enjoy Portuguese-inspired cuisine in a warm and friendly atmosphere. From juicy chicken to flavourful dishes, every bite is carefully prepared to offer you a memorable dining experience. Come visit us and let yourself be tempted by the authentic flavours of Monteiro Express!<\/span><\/p>\n<p>[\/vc_column_text][\/vc_column_inner][vc_column_inner width=&#8221;1\/4&#8243;][vc_column_text]<a href=\"https:\/\/monteirogrill.com\/en\/oldmenu\/monteiro-express\/\"><img decoding=\"async\" class=\"size-full wp-image-402 aligncenter\" src=\"https:\/\/monteirogrill.com\/wp-content\/uploads\/2025\/05\/10-Badge-Websiteen.png\" \/><\/a>[\/vc_column_text][\/vc_column_inner][\/vc_row_inner][vc_empty_space height=&#8221;65px&#8221;][vc_column_text]<iframe loading=\"lazy\" id=\"gmap_canvas\" src=\"https:\/\/maps.google.com\/maps?width=1340&amp;height=400&amp;hl=en&amp;q=970%20Rue%20Rachel%20E,%20Montr\u00e9al,%20QC%20H2J%202J3&amp;t=&amp;z=16&amp;ie=UTF8&amp;iwloc=B&amp;output=embed\" width=\"1340\" height=\"400\" frameborder=\"0\" marginwidth=\"0\" marginheight=\"0\" scrolling=\"no\"><\/iframe>[\/vc_column_text][vc_column_text]<a href=\"https:\/\/www.ubereats.com\/ca\/store\/monteiro-rue-rachel\/5m441tIoUt2mAXg_d7q90Q?diningMode=DELIVERY\"><img loading=\"lazy\" decoding=\"async\" class=\"size-full wp-image-1928 aligncenter\" src=\"https:\/\/monteirogrill.com\/wp-content\/uploads\/2024\/06\/order-en.jpg\" alt=\"order now cTA\" width=\"1000\" height=\"120\" srcset=\"https:\/\/monteirogrill.com\/wp-content\/uploads\/2024\/06\/order-en.jpg 1000w, https:\/\/monteirogrill.com\/wp-content\/uploads\/2024\/06\/order-en-300x36.jpg 300w, https:\/\/monteirogrill.com\/wp-content\/uploads\/2024\/06\/order-en-768x92.jpg 768w, https:\/\/monteirogrill.com\/wp-content\/uploads\/2024\/06\/order-en-700x84.jpg 700w\" sizes=\"auto, (max-width: 1000px) 100vw, 1000px\" \/><\/a>[\/vc_column_text][vc_empty_space height=&#8221;65px&#8221;][\/vc_column][\/vc_row][vc_row full_width=&#8221;stretch_row_content_no_spaces&#8221; row_hide_xs=&#8221;yes&#8221; css=&#8221;.vc_custom_1539624172849{background-color: #000000 !important;}&#8221;][vc_column][vc_column_text][\/vc_column_text][\/vc_column][\/vc_row][vc_row full_width=&#8221;stretch_row_content_no_spaces&#8221; row_hide_lg=&#8221;yes&#8221; row_hide_sm=&#8221;yes&#8221; row_hide_md=&#8221;yes&#8221; css=&#8221;.vc_custom_1539624177930{background-color: #000000 !important;}&#8221;][vc_column][vc_column_text]<a href=\"https:\/\/monteirogrill.com\/en\/contact-monteiro\/\"><img decoding=\"async\" class=\"size-full wp-image-1093 aligncenter\" src=\"https:\/\/monteirogrill.com\/wp-content\/uploads\/2018\/10\/order-en-mob.jpg\" \/><\/a>[\/vc_column_text][\/vc_column][\/vc_row][vc_row full_width=&#8221;stretch_row_content&#8221; css=&#8221;.vc_custom_1529622497238{background-color: #000000 !important;}&#8221;][vc_column][vc_column_text]<a href=\"https:\/\/monteirogrill.com\/wp-content\/uploads\/2025\/08\/Rachel-2.png\"><img loading=\"lazy\" decoding=\"async\" class=\"size-full wp-image-1959 aligncenter\" src=\"https:\/\/monteirogrill.com\/wp-content\/uploads\/2025\/08\/Rachel-2.png\" alt=\"\" width=\"1920\" height=\"1200\" \/><\/a>[\/vc_column_text][\/vc_column][\/vc_row][vc_row][vc_column][\/vc_column][\/vc_row]<\/p>\n<\/section>","protected":false},"excerpt":{"rendered":"<p>[vc_row full_width=&#8221;stretch_row&#8221; css=&#8221;.vc_custom_1526507608554{background-image: url(http:\/\/monteirogrill.com\/wp-content\/uploads\/2018\/05\/Franchin05.jpg?id=243) !important;background-position: center !important;background-repeat: no-repeat !important;background-size: cover !important;}&#8221;][vc_column css=&#8221;.vc_custom_1529593129554{padding-top: 5% !important;padding-bottom: 5% !important;}&#8221;][vc_column_text] RACHEL [\/vc_column_text][vc_empty_space height=&#8221;15px&#8221;][vc_column_text][\/vc_column_text][vc_row_inner][vc_column_inner width=&#8221;1\/4&#8243;][vc_column_text]970 Rue Rachel E Montr\u00e9al, QC H2J 2J3 438-375-7371 [\/vc_column_text][\/vc_column_inner][vc_column_inner width=&#8221;1\/2&#8243;][vc_column_text] [&hellip;]<\/p>\n","protected":false},"author":1,"featured_media":0,"parent":730,"menu_order":0,"comment_status":"closed","ping_status":"closed","template":"","meta":{"footnotes":""},"class_list":["post-2191","page","type-page","status-publish","hentry"],"yoast_head":"<!-- This site is optimized with the Yoast SEO Premium plugin v18.5 (Yoast SEO v25.8) - https:\/\/yoast.com\/wordpress\/plugins\/seo\/ -->\n<title>Succursale de Rachel - Monteiro Grillades Portugaises<\/title>\n<meta name=\"description\" content=\"Une population aux origines plurielles, de v\u00e9n\u00e9rables \u00e9tablissements d\u2019\u00e9ducation et de sant\u00e9, une g\u00e9n\u00e9reuse offre culturelle et socio-r\u00e9cr\u00e9ative.\" \/>\n<meta name=\"robots\" content=\"index, follow, max-snippet:-1, max-image-preview:large, max-video-preview:-1\" \/>\n<link rel=\"canonical\" href=\"https:\/\/monteirogrill.com\/en\/our-branches\/rachel\/\" \/>\n<meta property=\"og:locale\" content=\"en_US\" \/>\n<meta property=\"og:type\" content=\"article\" \/>\n<meta property=\"og:title\" content=\"Rachel\" \/>\n<meta property=\"og:description\" content=\"Une population aux origines plurielles, de v\u00e9n\u00e9rables \u00e9tablissements d\u2019\u00e9ducation et de sant\u00e9, une g\u00e9n\u00e9reuse offre culturelle et socio-r\u00e9cr\u00e9ative.\" \/>\n<meta property=\"og:url\" content=\"https:\/\/monteirogrill.com\/en\/our-branches\/rachel\/\" \/>\n<meta property=\"og:site_name\" content=\"Monteiro Grillades Portugaises\" \/>\n<meta property=\"article:modified_time\" content=\"2025-08-27T14:28:09+00:00\" \/>\n<meta property=\"og:image\" content=\"http:\/\/monteirogrill.com\/wp-content\/uploads\/2018\/10\/socialcombos.jpg\" \/>\n<meta name=\"twitter:card\" content=\"summary_large_image\" \/>\n<meta name=\"twitter:description\" content=\"Une population aux origines plurielles, de v\u00e9n\u00e9rables \u00e9tablissements d\u2019\u00e9ducation et de sant\u00e9, une g\u00e9n\u00e9reuse offre culturelle et socio-r\u00e9cr\u00e9ative.\" \/>\n<meta name=\"twitter:label1\" content=\"Est. reading time\" \/>\n\t<meta name=\"twitter:data1\" content=\"2 minutes\" \/>\n<script type=\"application\/ld+json\" class=\"yoast-schema-graph\">{\"@context\":\"https:\/\/schema.org\",\"@graph\":[{\"@type\":\"WebPage\",\"@id\":\"https:\/\/monteirogrill.com\/en\/our-branches\/rachel\/\",\"url\":\"https:\/\/monteirogrill.com\/en\/our-branches\/rachel\/\",\"name\":\"Succursale de Rachel - Monteiro Grillades Portugaises\",\"isPartOf\":{\"@id\":\"https:\/\/monteirogrill.com\/#website\"},\"primaryImageOfPage\":{\"@id\":\"https:\/\/monteirogrill.com\/en\/our-branches\/rachel\/#primaryimage\"},\"image\":{\"@id\":\"https:\/\/monteirogrill.com\/en\/our-branches\/rachel\/#primaryimage\"},\"thumbnailUrl\":\"https:\/\/monteirogrill.com\/wp-content\/uploads\/2018\/05\/home-img-adresssep-orge.jpg\",\"datePublished\":\"2025-05-22T21:25:26+00:00\",\"dateModified\":\"2025-08-27T14:28:09+00:00\",\"description\":\"Une population aux origines plurielles, de v\u00e9n\u00e9rables \u00e9tablissements d\u2019\u00e9ducation et de sant\u00e9, une g\u00e9n\u00e9reuse offre culturelle et socio-r\u00e9cr\u00e9ative.\",\"breadcrumb\":{\"@id\":\"https:\/\/monteirogrill.com\/en\/our-branches\/rachel\/#breadcrumb\"},\"inLanguage\":\"en-US\",\"potentialAction\":[{\"@type\":\"ReadAction\",\"target\":[\"https:\/\/monteirogrill.com\/en\/our-branches\/rachel\/\"]}]},{\"@type\":\"ImageObject\",\"inLanguage\":\"en-US\",\"@id\":\"https:\/\/monteirogrill.com\/en\/our-branches\/rachel\/#primaryimage\",\"url\":\"https:\/\/monteirogrill.com\/wp-content\/uploads\/2018\/05\/home-img-adresssep-orge.jpg\",\"contentUrl\":\"https:\/\/monteirogrill.com\/wp-content\/uploads\/2018\/05\/home-img-adresssep-orge.jpg\"},{\"@type\":\"BreadcrumbList\",\"@id\":\"https:\/\/monteirogrill.com\/en\/our-branches\/rachel\/#breadcrumb\",\"itemListElement\":[{\"@type\":\"ListItem\",\"position\":1,\"name\":\"Accueil\",\"item\":\"https:\/\/monteirogrill.com\/en\/\"},{\"@type\":\"ListItem\",\"position\":2,\"name\":\"Our branches\",\"item\":\"https:\/\/monteirogrill.com\/en\/our-branches\/\"},{\"@type\":\"ListItem\",\"position\":3,\"name\":\"Rachel\"}]},{\"@type\":\"WebSite\",\"@id\":\"https:\/\/monteirogrill.com\/#website\",\"url\":\"https:\/\/monteirogrill.com\/\",\"name\":\"Monteiro Grillades Portugaises\",\"description\":\"Peri Peri \u2022 BBQ\",\"potentialAction\":[{\"@type\":\"SearchAction\",\"target\":{\"@type\":\"EntryPoint\",\"urlTemplate\":\"https:\/\/monteirogrill.com\/?s={search_term_string}\"},\"query-input\":{\"@type\":\"PropertyValueSpecification\",\"valueRequired\":true,\"valueName\":\"search_term_string\"}}],\"inLanguage\":\"en-US\"}]}<\/script>\n<!-- \/ Yoast SEO Premium plugin. -->","yoast_head_json":{"title":"Succursale de Rachel - Monteiro Grillades Portugaises","description":"Une population aux origines plurielles, de v\u00e9n\u00e9rables \u00e9tablissements d\u2019\u00e9ducation et de sant\u00e9, une g\u00e9n\u00e9reuse offre culturelle et socio-r\u00e9cr\u00e9ative.","robots":{"index":"index","follow":"follow","max-snippet":"max-snippet:-1","max-image-preview":"max-image-preview:large","max-video-preview":"max-video-preview:-1"},"canonical":"https:\/\/monteirogrill.com\/en\/our-branches\/rachel\/","og_locale":"en_US","og_type":"article","og_title":"Rachel","og_description":"Une population aux origines plurielles, de v\u00e9n\u00e9rables \u00e9tablissements d\u2019\u00e9ducation et de sant\u00e9, une g\u00e9n\u00e9reuse offre culturelle et socio-r\u00e9cr\u00e9ative.","og_url":"https:\/\/monteirogrill.com\/en\/our-branches\/rachel\/","og_site_name":"Monteiro Grillades Portugaises","article_modified_time":"2025-08-27T14:28:09+00:00","og_image":[{"url":"http:\/\/monteirogrill.com\/wp-content\/uploads\/2018\/10\/socialcombos.jpg","type":"","width":"","height":""}],"twitter_card":"summary_large_image","twitter_description":"Une population aux origines plurielles, de v\u00e9n\u00e9rables \u00e9tablissements d\u2019\u00e9ducation et de sant\u00e9, une g\u00e9n\u00e9reuse offre culturelle et socio-r\u00e9cr\u00e9ative.","twitter_misc":{"Est. reading time":"2 minutes"},"schema":{"@context":"https:\/\/schema.org","@graph":[{"@type":"WebPage","@id":"https:\/\/monteirogrill.com\/en\/our-branches\/rachel\/","url":"https:\/\/monteirogrill.com\/en\/our-branches\/rachel\/","name":"Succursale de Rachel - Monteiro Grillades Portugaises","isPartOf":{"@id":"https:\/\/monteirogrill.com\/#website"},"primaryImageOfPage":{"@id":"https:\/\/monteirogrill.com\/en\/our-branches\/rachel\/#primaryimage"},"image":{"@id":"https:\/\/monteirogrill.com\/en\/our-branches\/rachel\/#primaryimage"},"thumbnailUrl":"https:\/\/monteirogrill.com\/wp-content\/uploads\/2018\/05\/home-img-adresssep-orge.jpg","datePublished":"2025-05-22T21:25:26+00:00","dateModified":"2025-08-27T14:28:09+00:00","description":"Une population aux origines plurielles, de v\u00e9n\u00e9rables \u00e9tablissements d\u2019\u00e9ducation et de sant\u00e9, une g\u00e9n\u00e9reuse offre culturelle et socio-r\u00e9cr\u00e9ative.","breadcrumb":{"@id":"https:\/\/monteirogrill.com\/en\/our-branches\/rachel\/#breadcrumb"},"inLanguage":"en-US","potentialAction":[{"@type":"ReadAction","target":["https:\/\/monteirogrill.com\/en\/our-branches\/rachel\/"]}]},{"@type":"ImageObject","inLanguage":"en-US","@id":"https:\/\/monteirogrill.com\/en\/our-branches\/rachel\/#primaryimage","url":"https:\/\/monteirogrill.com\/wp-content\/uploads\/2018\/05\/home-img-adresssep-orge.jpg","contentUrl":"https:\/\/monteirogrill.com\/wp-content\/uploads\/2018\/05\/home-img-adresssep-orge.jpg"},{"@type":"BreadcrumbList","@id":"https:\/\/monteirogrill.com\/en\/our-branches\/rachel\/#breadcrumb","itemListElement":[{"@type":"ListItem","position":1,"name":"Accueil","item":"https:\/\/monteirogrill.com\/en\/"},{"@type":"ListItem","position":2,"name":"Our branches","item":"https:\/\/monteirogrill.com\/en\/our-branches\/"},{"@type":"ListItem","position":3,"name":"Rachel"}]},{"@type":"WebSite","@id":"https:\/\/monteirogrill.com\/#website","url":"https:\/\/monteirogrill.com\/","name":"Monteiro Grillades Portugaises","description":"Peri Peri \u2022 BBQ","potentialAction":[{"@type":"SearchAction","target":{"@type":"EntryPoint","urlTemplate":"https:\/\/monteirogrill.com\/?s={search_term_string}"},"query-input":{"@type":"PropertyValueSpecification","valueRequired":true,"valueName":"search_term_string"}}],"inLanguage":"en-US"}]}},"_links":{"self":[{"href":"https:\/\/monteirogrill.com\/en\/wp-json\/wp\/v2\/pages\/2191","targetHints":{"allow":["GET"]}}],"collection":[{"href":"https:\/\/monteirogrill.com\/en\/wp-json\/wp\/v2\/pages"}],"about":[{"href":"https:\/\/monteirogrill.com\/en\/wp-json\/wp\/v2\/types\/page"}],"author":[{"embeddable":true,"href":"https:\/\/monteirogrill.com\/en\/wp-json\/wp\/v2\/users\/1"}],"replies":[{"embeddable":true,"href":"https:\/\/monteirogrill.com\/en\/wp-json\/wp\/v2\/comments?post=2191"}],"version-history":[{"count":6,"href":"https:\/\/monteirogrill.com\/en\/wp-json\/wp\/v2\/pages\/2191\/revisions"}],"predecessor-version":[{"id":2240,"href":"https:\/\/monteirogrill.com\/en\/wp-json\/wp\/v2\/pages\/2191\/revisions\/2240"}],"up":[{"embeddable":true,"href":"https:\/\/monteirogrill.com\/en\/wp-json\/wp\/v2\/pages\/730"}],"wp:attachment":[{"href":"https:\/\/monteirogrill.com\/en\/wp-json\/wp\/v2\/media?parent=2191"}],"curies":[{"name":"wp","href":"https:\/\/api.w.org\/{rel}","templated":true}]}}