{"id":2301,"date":"2025-11-25T19:24:03","date_gmt":"2025-11-25T19:24:03","guid":{"rendered":"https:\/\/monteirogrill.com\/?page_id=2301"},"modified":"2025-11-25T19:29:12","modified_gmt":"2025-11-25T19:29:12","slug":"west-island","status":"publish","type":"page","link":"https:\/\/monteirogrill.com\/en\/our-branches\/west-island\/","title":{"rendered":"West Island"},"content":{"rendered":"<section class=\"wpb-content-wrapper\"><p>[vc_row full_width=&#8221;stretch_row&#8221; css=&#8221;.vc_custom_1526507608554{background-image: url(http:\/\/monteirogrill.com\/wp-content\/uploads\/2018\/05\/Franchin05.jpg?id=243) !important;background-position: center !important;background-repeat: no-repeat !important;background-size: cover !important;}&#8221;][vc_column css=&#8221;.vc_custom_1529593129554{padding-top: 5% !important;padding-bottom: 5% !important;}&#8221;][vc_column_text]<\/p>\n<h5><span style=\"color: #000000; font-size: 48px;\"><span style=\"color: #ffffff;\">WEST ISLAND<\/span><\/span><\/h5>\n<p>[\/vc_column_text][vc_empty_space height=&#8221;15px&#8221;][vc_column_text]<img loading=\"lazy\" decoding=\"async\" style=\"margin-top: -10px; margin-bottom: 10px;\" src=\"https:\/\/monteirogrill.com\/wp-content\/uploads\/2018\/05\/home-img-adresssep-orge.jpg\" alt=\"\" width=\"120\" height=\"4\" \/>[\/vc_column_text][vc_row_inner][vc_column_inner width=&#8221;1\/4&#8243;][vc_column_text]<span style=\"color: #ffffff;\"><strong>3702 Boul. Saint-Jean<\/strong><\/span><br \/>\n<span style=\"color: #ffffff;\">Dollard-des-Ormeaux, Qc \u2022 H9G 1X1<\/span><\/p>\n<h6 style=\"margin-top: -20px;\"><span style=\"color: #fd9512;\">(514) 675-1414<\/span><\/h6>\n<p>[\/vc_column_text][\/vc_column_inner][vc_column_inner width=&#8221;1\/2&#8243;][vc_column_text]<\/p>\n<p style=\"text-align: justify;\"><span style=\"color: #ffffff;\">The West Island, with its warm and diverse community, is the perfect place to welcome Monteiro West Island. Located on Boulevard Saint-Jean, Monteiro brings fresh, generous and accessible meals to the neighborhood, with a menu starting at 10.99. The West Island is a family-friendly and dynamic area where residents look for simple, quick and high-quality options. Monteiro fits in naturally with its Portuguese-inspired chicken, its popular bowls and its commitment to freshness.<\/span><\/p>\n<p>[\/vc_column_text][\/vc_column_inner][vc_column_inner width=&#8221;1\/4&#8243;][vc_column_text]<a href=\"https:\/\/monteirogrill.com\/wp-content\/uploads\/2025\/05\/10-Badge-Websiteen.png\"><img loading=\"lazy\" decoding=\"async\" class=\"size-full wp-image-2193 aligncenter\" src=\"https:\/\/monteirogrill.com\/wp-content\/uploads\/2025\/05\/10-Badge-Websiteen.png\" alt=\"starting from $10.99\" width=\"253\" height=\"163\" \/><\/a>[\/vc_column_text][\/vc_column_inner][\/vc_row_inner][vc_empty_space height=&#8221;65px&#8221;][vc_column_text]<\/p>\n<div style=\"width:100%; max-width:100%; overflow:hidden;\">\n<div style=\"position:relative; padding-bottom:400px; height:0; overflow:hidden;\">\n    <iframe src=\"https:\/\/www.google.com\/maps\/embed?pb=!1m14!1m8!1m3!1d178934.4461204757!2d-73.7258148!3d45.5130836!3m2!1i1024!2i768!4f13.1!3m3!1m2!1s0x4cc93dfd9b2dd67d%3A0x90672e115574d94b!2sMonteiro%20West%20Island!5e0!3m2!1sen!2sca!4v1764091778983!5m2!1sen!2sca\" style=\"position:absolute; top:0; left:0; width:100%; height:100%; border:0;\" allowfullscreen=\"\" loading=\"lazy\" referrerpolicy=\"no-referrer-when-downgrade\"><br \/>\n<\/iframe><\/div>\n<\/div>\n<p>[\/vc_column_text][\/vc_column][\/vc_row][vc_row full_width=&#8221;stretch_row_content_no_spaces&#8221; row_hide_xs=&#8221;yes&#8221; css=&#8221;.vc_custom_1539624172849{background-color: #000000 !important;}&#8221;][vc_column][vc_column_text]<a href=\"https:\/\/www.order.store\/ca\/brand\/monteiro\"><img loading=\"lazy\" decoding=\"async\" class=\"size-full wp-image-1928 aligncenter\" src=\"https:\/\/monteirogrill.com\/wp-content\/uploads\/2024\/06\/order-en.jpg\" alt=\"order now cTA\" width=\"1000\" height=\"120\" srcset=\"https:\/\/monteirogrill.com\/wp-content\/uploads\/2024\/06\/order-en.jpg 1000w, https:\/\/monteirogrill.com\/wp-content\/uploads\/2024\/06\/order-en-300x36.jpg 300w, https:\/\/monteirogrill.com\/wp-content\/uploads\/2024\/06\/order-en-768x92.jpg 768w, https:\/\/monteirogrill.com\/wp-content\/uploads\/2024\/06\/order-en-700x84.jpg 700w\" sizes=\"auto, (max-width: 1000px) 100vw, 1000px\" \/><\/a>[\/vc_column_text][\/vc_column][\/vc_row][vc_row full_width=&#8221;stretch_row_content_no_spaces&#8221; row_hide_lg=&#8221;yes&#8221; row_hide_sm=&#8221;yes&#8221; row_hide_md=&#8221;yes&#8221; css=&#8221;.vc_custom_1539624177930{background-color: #000000 !important;}&#8221;][vc_column][vc_column_text]<a href=\"https:\/\/monteirogrill.com\/en\/contact-monteiro\/\"><img decoding=\"async\" class=\"size-full wp-image-1093 aligncenter\" src=\"https:\/\/monteirogrill.com\/wp-content\/uploads\/2018\/10\/order-en-mob.jpg\" \/><\/a>[\/vc_column_text][\/vc_column][\/vc_row]<\/p>\n<\/section>","protected":false},"excerpt":{"rendered":"<p>[vc_row full_width=&#8221;stretch_row&#8221; css=&#8221;.vc_custom_1526507608554{background-image: url(http:\/\/monteirogrill.com\/wp-content\/uploads\/2018\/05\/Franchin05.jpg?id=243) !important;background-position: center !important;background-repeat: no-repeat !important;background-size: cover !important;}&#8221;][vc_column css=&#8221;.vc_custom_1529593129554{padding-top: 5% !important;padding-bottom: 5% !important;}&#8221;][vc_column_text] WEST ISLAND [\/vc_column_text][vc_empty_space height=&#8221;15px&#8221;][vc_column_text][\/vc_column_text][vc_row_inner][vc_column_inner width=&#8221;1\/4&#8243;][vc_column_text]3702 Boul. Saint-Jean Dollard-des-Ormeaux, Qc \u2022 H9G 1X1 (514) 675-1414 [&hellip;]<\/p>\n","protected":false},"author":1,"featured_media":0,"parent":730,"menu_order":0,"comment_status":"closed","ping_status":"closed","template":"","meta":{"footnotes":""},"class_list":["post-2301","page","type-page","status-publish","hentry"],"yoast_head":"<!-- This site is optimized with the Yoast SEO Premium plugin v18.5 (Yoast SEO v25.8) - https:\/\/yoast.com\/wordpress\/plugins\/seo\/ -->\n<title>Succursale de West Island - Monteiro Grillades Portugaises<\/title>\n<meta name=\"description\" content=\"Une population aux origines plurielles, de v\u00e9n\u00e9rables \u00e9tablissements d\u2019\u00e9ducation et de sant\u00e9, une g\u00e9n\u00e9reuse offre culturelle et socio-r\u00e9cr\u00e9ative.\" \/>\n<meta name=\"robots\" content=\"index, follow, max-snippet:-1, max-image-preview:large, max-video-preview:-1\" \/>\n<link rel=\"canonical\" href=\"https:\/\/monteirogrill.com\/en\/our-branches\/west-island\/\" \/>\n<meta property=\"og:locale\" content=\"en_US\" \/>\n<meta property=\"og:type\" content=\"article\" \/>\n<meta property=\"og:title\" content=\"West Island\" \/>\n<meta property=\"og:description\" content=\"Une population aux origines plurielles, de v\u00e9n\u00e9rables \u00e9tablissements d\u2019\u00e9ducation et de sant\u00e9, une g\u00e9n\u00e9reuse offre culturelle et socio-r\u00e9cr\u00e9ative.\" \/>\n<meta property=\"og:url\" content=\"https:\/\/monteirogrill.com\/en\/our-branches\/west-island\/\" \/>\n<meta property=\"og:site_name\" content=\"Monteiro Grillades Portugaises\" \/>\n<meta property=\"article:modified_time\" content=\"2025-11-25T19:29:12+00:00\" \/>\n<meta property=\"og:image\" content=\"http:\/\/monteirogrill.com\/wp-content\/uploads\/2018\/10\/socialcombos.jpg\" \/>\n<meta name=\"twitter:card\" content=\"summary_large_image\" \/>\n<meta name=\"twitter:description\" content=\"Une population aux origines plurielles, de v\u00e9n\u00e9rables \u00e9tablissements d\u2019\u00e9ducation et de sant\u00e9, une g\u00e9n\u00e9reuse offre culturelle et socio-r\u00e9cr\u00e9ative.\" \/>\n<meta name=\"twitter:label1\" content=\"Est. reading time\" \/>\n\t<meta name=\"twitter:data1\" content=\"2 minutes\" \/>\n<script type=\"application\/ld+json\" class=\"yoast-schema-graph\">{\"@context\":\"https:\/\/schema.org\",\"@graph\":[{\"@type\":\"WebPage\",\"@id\":\"https:\/\/monteirogrill.com\/en\/our-branches\/west-island\/\",\"url\":\"https:\/\/monteirogrill.com\/en\/our-branches\/west-island\/\",\"name\":\"Succursale de West Island - Monteiro Grillades Portugaises\",\"isPartOf\":{\"@id\":\"https:\/\/monteirogrill.com\/#website\"},\"primaryImageOfPage\":{\"@id\":\"https:\/\/monteirogrill.com\/en\/our-branches\/west-island\/#primaryimage\"},\"image\":{\"@id\":\"https:\/\/monteirogrill.com\/en\/our-branches\/west-island\/#primaryimage\"},\"thumbnailUrl\":\"https:\/\/monteirogrill.com\/wp-content\/uploads\/2018\/05\/home-img-adresssep-orge.jpg\",\"datePublished\":\"2025-11-25T19:24:03+00:00\",\"dateModified\":\"2025-11-25T19:29:12+00:00\",\"description\":\"Une population aux origines plurielles, de v\u00e9n\u00e9rables \u00e9tablissements d\u2019\u00e9ducation et de sant\u00e9, une g\u00e9n\u00e9reuse offre culturelle et socio-r\u00e9cr\u00e9ative.\",\"breadcrumb\":{\"@id\":\"https:\/\/monteirogrill.com\/en\/our-branches\/west-island\/#breadcrumb\"},\"inLanguage\":\"en-US\",\"potentialAction\":[{\"@type\":\"ReadAction\",\"target\":[\"https:\/\/monteirogrill.com\/en\/our-branches\/west-island\/\"]}]},{\"@type\":\"ImageObject\",\"inLanguage\":\"en-US\",\"@id\":\"https:\/\/monteirogrill.com\/en\/our-branches\/west-island\/#primaryimage\",\"url\":\"https:\/\/monteirogrill.com\/wp-content\/uploads\/2018\/05\/home-img-adresssep-orge.jpg\",\"contentUrl\":\"https:\/\/monteirogrill.com\/wp-content\/uploads\/2018\/05\/home-img-adresssep-orge.jpg\"},{\"@type\":\"BreadcrumbList\",\"@id\":\"https:\/\/monteirogrill.com\/en\/our-branches\/west-island\/#breadcrumb\",\"itemListElement\":[{\"@type\":\"ListItem\",\"position\":1,\"name\":\"Accueil\",\"item\":\"https:\/\/monteirogrill.com\/en\/\"},{\"@type\":\"ListItem\",\"position\":2,\"name\":\"Our branches\",\"item\":\"https:\/\/monteirogrill.com\/en\/our-branches\/\"},{\"@type\":\"ListItem\",\"position\":3,\"name\":\"West Island\"}]},{\"@type\":\"WebSite\",\"@id\":\"https:\/\/monteirogrill.com\/#website\",\"url\":\"https:\/\/monteirogrill.com\/\",\"name\":\"Monteiro Grillades Portugaises\",\"description\":\"Peri Peri \u2022 BBQ\",\"potentialAction\":[{\"@type\":\"SearchAction\",\"target\":{\"@type\":\"EntryPoint\",\"urlTemplate\":\"https:\/\/monteirogrill.com\/?s={search_term_string}\"},\"query-input\":{\"@type\":\"PropertyValueSpecification\",\"valueRequired\":true,\"valueName\":\"search_term_string\"}}],\"inLanguage\":\"en-US\"}]}<\/script>\n<!-- \/ Yoast SEO Premium plugin. -->","yoast_head_json":{"title":"Succursale de West Island - Monteiro Grillades Portugaises","description":"Une population aux origines plurielles, de v\u00e9n\u00e9rables \u00e9tablissements d\u2019\u00e9ducation et de sant\u00e9, une g\u00e9n\u00e9reuse offre culturelle et socio-r\u00e9cr\u00e9ative.","robots":{"index":"index","follow":"follow","max-snippet":"max-snippet:-1","max-image-preview":"max-image-preview:large","max-video-preview":"max-video-preview:-1"},"canonical":"https:\/\/monteirogrill.com\/en\/our-branches\/west-island\/","og_locale":"en_US","og_type":"article","og_title":"West Island","og_description":"Une population aux origines plurielles, de v\u00e9n\u00e9rables \u00e9tablissements d\u2019\u00e9ducation et de sant\u00e9, une g\u00e9n\u00e9reuse offre culturelle et socio-r\u00e9cr\u00e9ative.","og_url":"https:\/\/monteirogrill.com\/en\/our-branches\/west-island\/","og_site_name":"Monteiro Grillades Portugaises","article_modified_time":"2025-11-25T19:29:12+00:00","og_image":[{"url":"http:\/\/monteirogrill.com\/wp-content\/uploads\/2018\/10\/socialcombos.jpg","type":"","width":"","height":""}],"twitter_card":"summary_large_image","twitter_description":"Une population aux origines plurielles, de v\u00e9n\u00e9rables \u00e9tablissements d\u2019\u00e9ducation et de sant\u00e9, une g\u00e9n\u00e9reuse offre culturelle et socio-r\u00e9cr\u00e9ative.","twitter_misc":{"Est. reading time":"2 minutes"},"schema":{"@context":"https:\/\/schema.org","@graph":[{"@type":"WebPage","@id":"https:\/\/monteirogrill.com\/en\/our-branches\/west-island\/","url":"https:\/\/monteirogrill.com\/en\/our-branches\/west-island\/","name":"Succursale de West Island - Monteiro Grillades Portugaises","isPartOf":{"@id":"https:\/\/monteirogrill.com\/#website"},"primaryImageOfPage":{"@id":"https:\/\/monteirogrill.com\/en\/our-branches\/west-island\/#primaryimage"},"image":{"@id":"https:\/\/monteirogrill.com\/en\/our-branches\/west-island\/#primaryimage"},"thumbnailUrl":"https:\/\/monteirogrill.com\/wp-content\/uploads\/2018\/05\/home-img-adresssep-orge.jpg","datePublished":"2025-11-25T19:24:03+00:00","dateModified":"2025-11-25T19:29:12+00:00","description":"Une population aux origines plurielles, de v\u00e9n\u00e9rables \u00e9tablissements d\u2019\u00e9ducation et de sant\u00e9, une g\u00e9n\u00e9reuse offre culturelle et socio-r\u00e9cr\u00e9ative.","breadcrumb":{"@id":"https:\/\/monteirogrill.com\/en\/our-branches\/west-island\/#breadcrumb"},"inLanguage":"en-US","potentialAction":[{"@type":"ReadAction","target":["https:\/\/monteirogrill.com\/en\/our-branches\/west-island\/"]}]},{"@type":"ImageObject","inLanguage":"en-US","@id":"https:\/\/monteirogrill.com\/en\/our-branches\/west-island\/#primaryimage","url":"https:\/\/monteirogrill.com\/wp-content\/uploads\/2018\/05\/home-img-adresssep-orge.jpg","contentUrl":"https:\/\/monteirogrill.com\/wp-content\/uploads\/2018\/05\/home-img-adresssep-orge.jpg"},{"@type":"BreadcrumbList","@id":"https:\/\/monteirogrill.com\/en\/our-branches\/west-island\/#breadcrumb","itemListElement":[{"@type":"ListItem","position":1,"name":"Accueil","item":"https:\/\/monteirogrill.com\/en\/"},{"@type":"ListItem","position":2,"name":"Our branches","item":"https:\/\/monteirogrill.com\/en\/our-branches\/"},{"@type":"ListItem","position":3,"name":"West Island"}]},{"@type":"WebSite","@id":"https:\/\/monteirogrill.com\/#website","url":"https:\/\/monteirogrill.com\/","name":"Monteiro Grillades Portugaises","description":"Peri Peri \u2022 BBQ","potentialAction":[{"@type":"SearchAction","target":{"@type":"EntryPoint","urlTemplate":"https:\/\/monteirogrill.com\/?s={search_term_string}"},"query-input":{"@type":"PropertyValueSpecification","valueRequired":true,"valueName":"search_term_string"}}],"inLanguage":"en-US"}]}},"_links":{"self":[{"href":"https:\/\/monteirogrill.com\/en\/wp-json\/wp\/v2\/pages\/2301","targetHints":{"allow":["GET"]}}],"collection":[{"href":"https:\/\/monteirogrill.com\/en\/wp-json\/wp\/v2\/pages"}],"about":[{"href":"https:\/\/monteirogrill.com\/en\/wp-json\/wp\/v2\/types\/page"}],"author":[{"embeddable":true,"href":"https:\/\/monteirogrill.com\/en\/wp-json\/wp\/v2\/users\/1"}],"replies":[{"embeddable":true,"href":"https:\/\/monteirogrill.com\/en\/wp-json\/wp\/v2\/comments?post=2301"}],"version-history":[{"count":4,"href":"https:\/\/monteirogrill.com\/en\/wp-json\/wp\/v2\/pages\/2301\/revisions"}],"predecessor-version":[{"id":2308,"href":"https:\/\/monteirogrill.com\/en\/wp-json\/wp\/v2\/pages\/2301\/revisions\/2308"}],"up":[{"embeddable":true,"href":"https:\/\/monteirogrill.com\/en\/wp-json\/wp\/v2\/pages\/730"}],"wp:attachment":[{"href":"https:\/\/monteirogrill.com\/en\/wp-json\/wp\/v2\/media?parent=2301"}],"curies":[{"name":"wp","href":"https:\/\/api.w.org\/{rel}","templated":true}]}}