{"id":682,"date":"2018-07-04T20:31:53","date_gmt":"2018-07-04T20:31:53","guid":{"rendered":"http:\/\/greenstardesigns.com\/work\/monteiro2\/home\/"},"modified":"2026-02-26T19:03:22","modified_gmt":"2026-02-26T19:03:22","slug":"home","status":"publish","type":"page","link":"https:\/\/monteirogrill.com\/en\/","title":{"rendered":"Home"},"content":{"rendered":"<section class=\"wpb-content-wrapper\"><p>[vc_row full_width=&#8221;stretch_row_content&#8221; gap=&#8221;0&#8243; css=&#8221;.vc_custom_1523706838794{margin-top: 0px !important;margin-right: 0px !important;margin-bottom: 0px !important;margin-left: 0px !important;border-top-width: 0px !important;border-right-width: 0px !important;border-bottom-width: 0px !important;border-left-width: 0px !important;padding-top: 0px !important;padding-right: 0px !important;padding-bottom: 0px !important;padding-left: 0px !important;}&#8221;][vc_column]\n\t\t\t<!-- START Accueil REVOLUTION SLIDER 6.5.14 --><p class=\"rs-p-wp-fix\"><\/p>\n\t\t\t<rs-module-wrap id=\"rev_slider_1_1_wrapper\" data-source=\"gallery\" style=\"visibility:hidden;background:transparent;padding:0;margin:0px auto;margin-top:0;margin-bottom:0;\">\n\t\t\t\t<rs-module id=\"rev_slider_1_1\" style=\"\" data-version=\"6.5.14\">\n\t\t\t\t\t<rs-slides>\n\t\t\t\t\t\t<rs-slide style=\"position: absolute;\" data-key=\"rs-50\" data-title=\"Slide\" data-thumb=\"\/\/monteirogrill.com\/wp-content\/uploads\/2025\/02\/monteiroHeader-100x50.jpg\" data-in=\"o:0;\" data-out=\"a:false;\">\n\t\t\t\t\t\t\t<img loading=\"lazy\" decoding=\"async\" src=\"\/\/monteirogrill.com\/wp-content\/plugins\/revslider\/public\/assets\/assets\/dummy.png\" alt=\"\" title=\"monteiroHeader\" width=\"1650\" height=\"760\" class=\"rev-slidebg tp-rs-img rs-lazyload\" data-lazyload=\"\/\/monteirogrill.com\/wp-content\/uploads\/2025\/02\/monteiroHeader.jpg\" data-bg=\"f:contain;\" data-no-retina>\n<!---->\t\t\t\t\t\t<\/rs-slide>\n\t\t\t\t\t\t<rs-slide style=\"position: absolute;\" data-key=\"rs-32\" data-title=\"Slide\" data-thumb=\"\/\/monteirogrill.com\/wp-content\/uploads\/2025\/02\/FRHeader-100x50.jpg\" data-duration=\"5120\" data-anim=\"ms:800;\" data-in=\"o:1;x:(100%);\" data-out=\"a:false;\">\n\t\t\t\t\t\t\t<img loading=\"lazy\" decoding=\"async\" src=\"\/\/monteirogrill.com\/wp-content\/plugins\/revslider\/public\/assets\/assets\/dummy.png\" alt=\"\" title=\"FRHeader\" width=\"1650\" height=\"760\" class=\"rev-slidebg tp-rs-img rs-lazyload\" data-lazyload=\"\/\/monteirogrill.com\/wp-content\/uploads\/2025\/02\/FRHeader.jpg\" data-no-retina>\n<!--\n\t\t\t\t\t\t\t--><a\n\t\t\t\t\t\t\t\tid=\"slider-1-slide-32-layer-1\" \n\t\t\t\t\t\t\t\tclass=\"rs-layer\"\n\t\t\t\t\t\t\t\thref=\"https:\/\/monteirogrill.com\/menu\/monteiro-express-menu\/\" target=\"_self\"\n\t\t\t\t\t\t\t\tdata-type=\"image\"\n\t\t\t\t\t\t\t\tdata-rsp_ch=\"on\"\n\t\t\t\t\t\t\t\tdata-xy=\"x:c;y:b;yo:70px;\"\n\t\t\t\t\t\t\t\tdata-text=\"l:22;a:inherit;\"\n\t\t\t\t\t\t\t\tdata-dim=\"w:['230px','230px','230px','230px'];h:['50px','50px','50px','50px'];\"\n\t\t\t\t\t\t\t\tdata-frame_1=\"sp:10;sR:10;\"\n\t\t\t\t\t\t\t\tdata-frame_999=\"o:0;st:w;sp:10;sR:5100;\"\n\t\t\t\t\t\t\t\tstyle=\"z-index:5;\"\n\t\t\t\t\t\t\t><img loading=\"lazy\" decoding=\"async\" src=\"\/\/monteirogrill.com\/wp-content\/plugins\/revslider\/public\/assets\/assets\/dummy.png\" alt=\"\" class=\"tp-rs-img rs-lazyload\" width=\"318\" height=\"69\" data-lazyload=\"\/\/monteirogrill.com\/wp-content\/uploads\/2018\/08\/En-savoir-plus.png\" data-no-retina> \n\t\t\t\t\t\t\t<\/a><!--\n-->\t\t\t\t\t\t<\/rs-slide>\n\t\t\t\t\t\t<rs-slide style=\"position: absolute;\" data-key=\"rs-31\" data-title=\"Slide\" data-thumb=\"\/\/monteirogrill.com\/wp-content\/uploads\/2018\/08\/pasteis-final-100x50.jpg\" data-duration=\"5000\" data-anim=\"ms:800;\" data-in=\"o:1;x:(100%);\" data-out=\"a:false;\">\n\t\t\t\t\t\t\t<img decoding=\"async\" src=\"\/\/monteirogrill.com\/wp-content\/plugins\/revslider\/public\/assets\/assets\/dummy.png\" alt=\"\" title=\"Home\" class=\"rev-slidebg tp-rs-img rs-lazyload\" data-lazyload=\"\/\/monteirogrill.com\/wp-content\/uploads\/2018\/08\/pasteis-final.jpg\" data-no-retina>\n<!--\n\t\t\t\t\t\t\t--><a\n\t\t\t\t\t\t\t\tid=\"slider-1-slide-31-layer-1\" \n\t\t\t\t\t\t\t\tclass=\"rs-layer\"\n\t\t\t\t\t\t\t\thref=\"https:\/\/monteirogrill.com\/menu\/monteiro-express-menu\/\" target=\"_self\"\n\t\t\t\t\t\t\t\tdata-type=\"image\"\n\t\t\t\t\t\t\t\tdata-rsp_ch=\"on\"\n\t\t\t\t\t\t\t\tdata-xy=\"x:c;y:b;yo:70px;\"\n\t\t\t\t\t\t\t\tdata-text=\"l:22;a:inherit;\"\n\t\t\t\t\t\t\t\tdata-dim=\"w:['230px','230px','230px','230px'];h:['50px','50px','50px','50px'];\"\n\t\t\t\t\t\t\t\tdata-frame_1=\"sp:10;sR:10;\"\n\t\t\t\t\t\t\t\tdata-frame_999=\"o:0;st:w;sp:10;sR:4980;\"\n\t\t\t\t\t\t\t\tstyle=\"z-index:5;\"\n\t\t\t\t\t\t\t><img loading=\"lazy\" decoding=\"async\" src=\"\/\/monteirogrill.com\/wp-content\/plugins\/revslider\/public\/assets\/assets\/dummy.png\" alt=\"\" class=\"tp-rs-img rs-lazyload\" width=\"318\" height=\"69\" data-lazyload=\"\/\/monteirogrill.com\/wp-content\/uploads\/2018\/08\/En-savoir-plus.png\" data-no-retina> \n\t\t\t\t\t\t\t<\/a><!--\n-->\t\t\t\t\t\t<\/rs-slide>\n\t\t\t\t\t<\/rs-slides>\n\t\t\t\t\t<rs-static-layers><!--\n\t\t\t\t\t--><\/rs-static-layers>\n\t\t\t\t<\/rs-module>\n\t\t\t\t<script>\n\t\t\t\t\tsetREVStartSize({c: 'rev_slider_1_1',rl:[1240,1024,778,480],el:[760,760,760,760],gw:[1650,1650,1650,1650],gh:[760,760,760,760],type:'standard',justify:'',layout:'fullwidth',mh:\"0\"});if (window.RS_MODULES!==undefined && window.RS_MODULES.modules!==undefined && window.RS_MODULES.modules[\"revslider11\"]!==undefined) {window.RS_MODULES.modules[\"revslider11\"].once = false;window.revapi1 = undefined;if (window.RS_MODULES.checkMinimal!==undefined) window.RS_MODULES.checkMinimal()}\n\t\t\t\t<\/script>\n\t\t\t<\/rs-module-wrap>\n\t\t\t<!-- END REVOLUTION SLIDER -->\n[\/vc_column][\/vc_row][vc_row full_width=&#8221;stretch_row_content_no_spaces&#8221; row_hide_xs=&#8221;yes&#8221; css=&#8221;.vc_custom_1539624019090{background-color: #000000 !important;}&#8221;][vc_column][vc_column_text]<a href=\"https:\/\/order.online\/business\/~298388\/\"><img loading=\"lazy\" decoding=\"async\" class=\"size-full wp-image-1093 aligncenter\" src=\"https:\/\/monteirogrill.com\/wp-content\/uploads\/2022\/07\/ordernow-fr.jpg\" alt=\"\" width=\"600\" height=\"120\" \/><\/a>[\/vc_column_text][\/vc_column][\/vc_row][vc_row full_width=&#8221;stretch_row_content_no_spaces&#8221; row_hide_lg=&#8221;yes&#8221; row_hide_sm=&#8221;yes&#8221; row_hide_md=&#8221;yes&#8221; css=&#8221;.vc_custom_1539624025216{background-color: #000000 !important;}&#8221;][vc_column][vc_column_text]<a href=\"https:\/\/order.online\/business\/~298388\/\"><img loading=\"lazy\" decoding=\"async\" class=\"size-full wp-image-1093 aligncenter\" src=\"https:\/\/monteirogrill.com\/wp-content\/uploads\/2022\/07\/ordernow-fr.jpg\" alt=\"\" width=\"600\" height=\"120\" \/><\/a>[\/vc_column_text][\/vc_column][\/vc_row][vc_row full_width=&#8221;stretch_row&#8221; custom_padding=&#8221;true&#8221; custom_padding_lr=&#8221;60&#8243; css=&#8221;.vc_custom_1529524684539{padding-top: 5% !important;padding-bottom: 5% !important;background-image: url(http:\/\/monteirogrill.com\/wp-content\/uploads\/2018\/05\/Franchin05.jpg?id=243) !important;background-position: center !important;background-repeat: no-repeat !important;background-size: cover !important;}&#8221;][vc_column width=&#8221;1\/2&#8243; css=&#8221;.vc_custom_1539133234186{padding-right: 2% !important;padding-left: 2% !important;}&#8221;][vc_row_inner][vc_column_inner][vc_empty_space height=&#8221;20px&#8221;][vc_column_text]<\/p>\n<p class=\"fontsize15\" style=\"text-align: center;\"><span style=\"color: #ffffff;\">Monteiro a \u00e9t\u00e9 cr\u00e9\u00e9 en 2013 \u00e0 Montr\u00e9al \u00e0 partir d\u2019une id\u00e9e simple mais au combien ambitieuse : \u201cFaire le meilleur poulet Portugais de Montr\u00e9al dans un restaurant convivial et familial\u201d !<\/span><\/p>\n<p>[\/vc_column_text][vc_empty_space height=&#8221;20px&#8221;][vc_column_text]<img loading=\"lazy\" decoding=\"async\" class=\"aligncenter\" src=\"https:\/\/monteirogrill.com\/wp-content\/uploads\/2018\/05\/home-img-adresssep-orge.jpg\" alt=\"\" width=\"120\" height=\"4\" \/>[\/vc_column_text][vc_empty_space height=&#8221;20px&#8221;][vc_column_text]<\/p>\n<h3 style=\"text-align: center; font-size: 32px;\"><span style=\"color: #ffffff;\">Nos valeurs<\/span><\/h3>\n<p>[\/vc_column_text][vc_empty_space height=&#8221;10px&#8221;][vc_column_text]<\/p>\n<p id=\"nosvaleurscoltxt\" style=\"text-align: center; font-size: 28px;\"><span style=\"color: #ffffff;\">Convivialit\u00e9 \u2022 Famillial \u2022 G\u00e9n\u00e9rosit\u00e9<\/span><\/p>\n<p>[\/vc_column_text][vc_empty_space height=&#8221;20px&#8221;][vc_column_text]<\/p>\n<p class=\"fontsize15\" style=\"text-align: center; font-size: 16px;\"><span style=\"color: #ffffff;\">Toujours avec une qualit\u00e9 de service exceptionnelle et de bons produits frais!<\/span><\/p>\n<p>[\/vc_column_text][vc_empty_space height=&#8221;20px&#8221;][\/vc_column_inner][\/vc_row_inner][\/vc_column][vc_column width=&#8221;1\/2&#8243;][vc_column_text]<img loading=\"lazy\" decoding=\"async\" class=\"size-full wp-image-786 aligncenter\" src=\"https:\/\/monteirogrill.com\/wp-content\/uploads\/2018\/08\/rejoignez-fr.png\" alt=\"\" width=\"539\" height=\"212\" srcset=\"https:\/\/monteirogrill.com\/wp-content\/uploads\/2018\/08\/rejoignez-fr.png 539w, https:\/\/monteirogrill.com\/wp-content\/uploads\/2018\/08\/rejoignez-fr-300x118.png 300w\" sizes=\"auto, (max-width: 539px) 100vw, 539px\" \/>[\/vc_column_text][vc_empty_space height=&#8221;20px&#8221;][vc_row_inner][vc_column_inner width=&#8221;1\/6&#8243;][\/vc_column_inner][vc_column_inner el_class=&#8221;homesocialmidbutton&#8221; width=&#8221;1\/3&#8243;][vc_column_text]<a href=\"https:\/\/www.facebook.com\/monteiro.resto\/\"><img decoding=\"async\" class=\"aligncenter\" src=\"https:\/\/monteirogrill.com\/wp-content\/uploads\/2018\/08\/button-fb.png\" \/><\/a>[\/vc_column_text][\/vc_column_inner][vc_column_inner el_class=&#8221;homesocialmidbutton&#8221; width=&#8221;1\/3&#8243;][vc_column_text]<a href=\"https:\/\/www.instagram.com\/monteirocanada\/\"><img decoding=\"async\" class=\"aligncenter\" src=\"https:\/\/monteirogrill.com\/wp-content\/uploads\/2018\/08\/button-ig.png\" \/><\/a>[\/vc_column_text][\/vc_column_inner][vc_column_inner width=&#8221;1\/6&#8243;][\/vc_column_inner][\/vc_row_inner][\/vc_column][\/vc_row][vc_row full_width=&#8221;stretch_row&#8221; custom_padding=&#8221;true&#8221; custom_padding_lr=&#8221;60&#8243; css=&#8221;.vc_custom_1539134624463{background-image: url(http:\/\/monteirogrill.com\/wp-content\/uploads\/2018\/05\/Video-bgd01.jpg?id=129) !important;background-position: center !important;background-repeat: no-repeat !important;background-size: cover !important;}&#8221;][vc_column css=&#8221;.vc_custom_1539639563455{padding-top: 7.5% !important;padding-bottom: 6.5% !important;}&#8221;]\n\t\t\t<!-- START Food Carousel5 REVOLUTION SLIDER 6.5.14 --><p class=\"rs-p-wp-fix\"><\/p>\n\t\t\t<rs-module-wrap id=\"rev_slider_4_2_wrapper\" data-source=\"gallery\" style=\"visibility:hidden;background:rgba(238,240,241,0);padding:0;margin:0px auto;margin-top:0;margin-bottom:0;\">\n\t\t\t\t<rs-module id=\"rev_slider_4_2\" style=\"\" data-version=\"6.5.14\">\n\t\t\t\t\t<rs-slides>\n\t\t\t\t\t\t<rs-slide style=\"position: absolute;\" data-key=\"rs-43\" data-title=\"JEAN TALON\" data-thumb=\"\/\/monteirogrill.com\/wp-content\/uploads\/2018\/10\/JT-150x100.jpg\" data-anim=\"ms:600;\" data-in=\"o:0;\" data-out=\"a:false;\">\n\t\t\t\t\t\t\t<img decoding=\"async\" src=\"\/\/monteirogrill.com\/wp-content\/plugins\/revslider\/public\/assets\/assets\/dummy.png\" alt=\"\" title=\"Home\" class=\"rev-slidebg tp-rs-img rs-lazyload\" data-lazyload=\"\/\/monteirogrill.com\/wp-content\/uploads\/2018\/10\/JT.jpg\" data-no-retina>\n\t\t\t\t\t\t\t<rs-bgvideo \n\t\t\t\t\t\t\t\tdata-video=\"vc:none;w:100%;h:100%;l:loop;ptimer:true;\"\n\t\t\t\t\t\t\t\tdata-ytid=\"Q_E96L-WGzg\"\n\t\t\t\t\t\t\t\tdata-vatr=\"version=3&amp;enablejsapi=1&amp;html5=1&amp;hd=1&amp;wmode=opaque&amp;showinfo=0&amp;rel=0&amp;origin=https:\/\/monteirogrill.com;\"\n\t\t\t\t\t\t\t><\/rs-bgvideo>\n<!---->\t\t\t\t\t\t<\/rs-slide>\n\t\t\t\t\t\t<rs-slide style=\"position: absolute;\" data-key=\"rs-41\" data-title=\"COTE-DES-NEIGES\" data-thumb=\"\/\/monteirogrill.com\/wp-content\/uploads\/2018\/10\/CDN-150x100.jpg\" data-anim=\"ms:600;\" data-in=\"o:0;\" data-out=\"a:false;\">\n\t\t\t\t\t\t\t<img decoding=\"async\" src=\"\/\/monteirogrill.com\/wp-content\/plugins\/revslider\/public\/assets\/assets\/dummy.png\" alt=\"\" title=\"Home\" class=\"rev-slidebg tp-rs-img rs-lazyload\" data-lazyload=\"\/\/monteirogrill.com\/wp-content\/uploads\/2018\/10\/CDN.jpg\" data-no-retina>\n\t\t\t\t\t\t\t<rs-bgvideo \n\t\t\t\t\t\t\t\tdata-video=\"vc:none;w:100%;h:100%;l:loop;ptimer:true;\"\n\t\t\t\t\t\t\t\tdata-ytid=\"xg1JhYf4f-Y\"\n\t\t\t\t\t\t\t\tdata-vatr=\"version=3&amp;enablejsapi=1&amp;html5=1&amp;hd=1&amp;wmode=opaque&amp;showinfo=0&amp;rel=0&amp;origin=https:\/\/monteirogrill.com;\"\n\t\t\t\t\t\t\t><\/rs-bgvideo>\n<!---->\t\t\t\t\t\t<\/rs-slide>\n\t\t\t\t\t\t<rs-slide style=\"position: absolute;\" data-key=\"rs-42\" data-title=\"CONCORDIA\" data-thumb=\"\/\/monteirogrill.com\/wp-content\/uploads\/2018\/10\/BISHOP-150x100.jpg\" data-anim=\"ms:600;\" data-in=\"o:0;\" data-out=\"a:false;\">\n\t\t\t\t\t\t\t<img decoding=\"async\" src=\"\/\/monteirogrill.com\/wp-content\/plugins\/revslider\/public\/assets\/assets\/dummy.png\" alt=\"\" title=\"Home\" class=\"rev-slidebg tp-rs-img rs-lazyload\" data-lazyload=\"\/\/monteirogrill.com\/wp-content\/uploads\/2018\/10\/BISHOP.jpg\" data-no-retina>\n\t\t\t\t\t\t\t<rs-bgvideo \n\t\t\t\t\t\t\t\tdata-video=\"vc:none;w:100%;h:100%;l:loop;ptimer:true;\"\n\t\t\t\t\t\t\t\tdata-ytid=\"cD-1lzWDByI\"\n\t\t\t\t\t\t\t\tdata-vatr=\"version=3&amp;enablejsapi=1&amp;html5=1&amp;hd=1&amp;wmode=opaque&amp;showinfo=0&amp;rel=0&amp;origin=https:\/\/monteirogrill.com;\"\n\t\t\t\t\t\t\t><\/rs-bgvideo>\n<!---->\t\t\t\t\t\t<\/rs-slide>\n\t\t\t\t\t<\/rs-slides>\n\t\t\t\t<\/rs-module>\n\t\t\t\t<script>\n\t\t\t\t\tsetREVStartSize({c: 'rev_slider_4_2',rl:[1240,1024,778,480],el:[],gw:[800],gh:[450],type:'carousel',justify:'',layout:'fullwidth',mh:\"0\"});if (window.RS_MODULES!==undefined && window.RS_MODULES.modules!==undefined && window.RS_MODULES.modules[\"revslider42\"]!==undefined) {window.RS_MODULES.modules[\"revslider42\"].once = false;window.revapi4 = undefined;if (window.RS_MODULES.checkMinimal!==undefined) window.RS_MODULES.checkMinimal()}\n\t\t\t\t<\/script>\n\t\t\t\t<script src=\"https:\/\/www.youtube.com\/iframe_api\"><\/script>\n\t\t\t<\/rs-module-wrap>\n\t\t\t<!-- END REVOLUTION SLIDER -->\n[\/vc_column][\/vc_row][vc_row full_width=&#8221;stretch_row_content_no_spaces&#8221; gap=&#8221;0&#8243; css=&#8221;.vc_custom_1539639659816{margin-top: 0px !important;margin-right: 0px !important;margin-bottom: 0px !important;margin-left: 0px !important;border-top-width: 0px !important;border-right-width: 0px !important;border-bottom-width: 0px !important;border-left-width: 0px !important;padding-top: 5.5% !important;padding-right: 7.5% !important;padding-bottom: 4.5% !important;padding-left: 7.5% !important;background-image: url(http:\/\/monteirogrill.com\/wp-content\/uploads\/2018\/08\/Map-bgd.jpg?id=794) !important;background-position: center !important;background-repeat: no-repeat !important;background-size: cover !important;}&#8221;][vc_column][vc_column_text]<a href=\"https:\/\/monteirogrill.com\/nos-succursales\/\"><img loading=\"lazy\" decoding=\"async\" class=\" wp-image-796 aligncenter\" src=\"https:\/\/monteirogrill.com\/wp-content\/uploads\/2018\/08\/Map-fr.png\" alt=\"\" width=\"453\" height=\"240\" srcset=\"https:\/\/monteirogrill.com\/wp-content\/uploads\/2018\/08\/Map-fr.png 626w, https:\/\/monteirogrill.com\/wp-content\/uploads\/2018\/08\/Map-fr-300x159.png 300w\" sizes=\"auto, (max-width: 453px) 100vw, 453px\" \/><\/a>[\/vc_column_text][\/vc_column][\/vc_row][vc_row full_width=&#8221;stretch_row&#8221; custom_padding=&#8221;true&#8221; custom_padding_lr=&#8221;60&#8243; css=&#8221;.vc_custom_1539639887765{padding-top: 5.5% !important;padding-bottom: 4.5% !important;background-image: url(http:\/\/monteirogrill.com\/wp-content\/uploads\/2018\/08\/double_sized_bbq_flames.jpg?id=800) !important;background-position: center !important;background-repeat: no-repeat !important;background-size: cover !important;}&#8221;][vc_column][vc_column_text]<\/p>\n<h1 style=\"text-align: center; line-height: 100%;\"><span style=\"color: #ffffff; line-height: 120%;\">notre histoire<\/span><\/h1>\n<p>[\/vc_column_text][vc_empty_space height=&#8221;20px&#8221;][vc_column_text]<\/p>\n<h5 style=\"text-align: center; font-size: 16px; letter-spacing: .5px;\"><a href=\"https:\/\/monteirogrill.com\/notre-histoire\/\"><img loading=\"lazy\" decoding=\"async\" class=\"ensavoirplus alignnone wp-image-778\" src=\"https:\/\/monteirogrill.com\/wp-content\/uploads\/2018\/08\/En-savoir-plus.png\" alt=\"\" width=\"221\" height=\"48\" srcset=\"https:\/\/monteirogrill.com\/wp-content\/uploads\/2018\/08\/En-savoir-plus.png 318w, https:\/\/monteirogrill.com\/wp-content\/uploads\/2018\/08\/En-savoir-plus-300x65.png 300w\" sizes=\"auto, (max-width: 221px) 100vw, 221px\" \/><\/a><\/h5>\n<p>[\/vc_column_text][\/vc_column][\/vc_row]<\/p>\n<\/section>","protected":false},"excerpt":{"rendered":"<p>[vc_row full_width=&#8221;stretch_row_content&#8221; gap=&#8221;0&#8243; css=&#8221;.vc_custom_1523706838794{margin-top: 0px !important;margin-right: 0px !important;margin-bottom: 0px !important;margin-left: 0px !important;border-top-width: 0px !important;border-right-width: 0px !important;border-bottom-width: 0px !important;border-left-width: 0px !important;padding-top: 0px !important;padding-right: 0px !important;padding-bottom: 0px !important;padding-left: 0px !important;}&#8221;][vc_column][\/vc_column][\/vc_row][vc_row full_width=&#8221;stretch_row_content_no_spaces&#8221; row_hide_xs=&#8221;yes&#8221; [&hellip;]<\/p>\n","protected":false},"author":1,"featured_media":0,"parent":0,"menu_order":0,"comment_status":"closed","ping_status":"closed","template":"","meta":{"footnotes":""},"class_list":["post-682","page","type-page","status-publish","hentry"],"yoast_head":"<!-- This site is optimized with the Yoast SEO Premium plugin v18.5 (Yoast SEO v25.8) - https:\/\/yoast.com\/wordpress\/plugins\/seo\/ -->\n<title>Monteiro Grillades Portugaises<\/title>\n<meta name=\"description\" content=\"Convivialit\u00e9 \u2022 Famillial \u2022 G\u00e9n\u00e9rosit\u00e9 - Monteiro a \u00e9t\u00e9 cr\u00e9\u00e9 en 2013 \u00e0 Montr\u00e9al \u00e0 partir d\u2019une id\u00e9e simple mais au combien ambitieuse\" \/>\n<meta name=\"robots\" content=\"index, follow, max-snippet:-1, max-image-preview:large, max-video-preview:-1\" \/>\n<link rel=\"canonical\" href=\"https:\/\/monteirogrill.com\/en\/\" \/>\n<meta property=\"og:locale\" content=\"en_US\" \/>\n<meta property=\"og:type\" content=\"article\" \/>\n<meta property=\"og:title\" content=\"Home\" \/>\n<meta property=\"og:description\" content=\"Convivialit\u00e9 \u2022 Famillial \u2022 G\u00e9n\u00e9rosit\u00e9 - Monteiro a \u00e9t\u00e9 cr\u00e9\u00e9 en 2013 \u00e0 Montr\u00e9al \u00e0 partir d\u2019une id\u00e9e simple mais au combien ambitieuse\" \/>\n<meta property=\"og:url\" content=\"https:\/\/monteirogrill.com\/en\/\" \/>\n<meta property=\"og:site_name\" content=\"Monteiro Grillades Portugaises\" \/>\n<meta property=\"article:modified_time\" content=\"2026-02-26T19:03:22+00:00\" \/>\n<meta property=\"og:image\" content=\"http:\/\/monteirogrill.com\/wp-content\/uploads\/2018\/10\/socialcombos.jpg\" \/>\n<meta name=\"twitter:card\" content=\"summary_large_image\" \/>\n<meta name=\"twitter:description\" content=\"Convivialit\u00e9 \u2022 Famillial \u2022 G\u00e9n\u00e9rosit\u00e9 - Monteiro a \u00e9t\u00e9 cr\u00e9\u00e9 en 2013 \u00e0 Montr\u00e9al \u00e0 partir d\u2019une id\u00e9e simple mais au combien ambitieuse\" \/>\n<meta name=\"twitter:label1\" content=\"Est. reading time\" \/>\n\t<meta name=\"twitter:data1\" content=\"4 minutes\" \/>\n<script type=\"application\/ld+json\" class=\"yoast-schema-graph\">{\"@context\":\"https:\/\/schema.org\",\"@graph\":[{\"@type\":\"WebPage\",\"@id\":\"https:\/\/monteirogrill.com\/en\/\",\"url\":\"https:\/\/monteirogrill.com\/en\/\",\"name\":\"Monteiro Grillades Portugaises\",\"isPartOf\":{\"@id\":\"https:\/\/monteirogrill.com\/#website\"},\"primaryImageOfPage\":{\"@id\":\"https:\/\/monteirogrill.com\/en\/#primaryimage\"},\"image\":{\"@id\":\"https:\/\/monteirogrill.com\/en\/#primaryimage\"},\"thumbnailUrl\":\"https:\/\/monteirogrill.com\/wp-content\/uploads\/2022\/07\/ordernow-fr.jpg\",\"datePublished\":\"2018-07-04T20:31:53+00:00\",\"dateModified\":\"2026-02-26T19:03:22+00:00\",\"description\":\"Convivialit\u00e9 \u2022 Famillial \u2022 G\u00e9n\u00e9rosit\u00e9 - Monteiro a \u00e9t\u00e9 cr\u00e9\u00e9 en 2013 \u00e0 Montr\u00e9al \u00e0 partir d\u2019une id\u00e9e simple mais au combien ambitieuse\",\"breadcrumb\":{\"@id\":\"https:\/\/monteirogrill.com\/en\/#breadcrumb\"},\"inLanguage\":\"en-US\",\"potentialAction\":[{\"@type\":\"ReadAction\",\"target\":[\"https:\/\/monteirogrill.com\/en\/\"]}]},{\"@type\":\"ImageObject\",\"inLanguage\":\"en-US\",\"@id\":\"https:\/\/monteirogrill.com\/en\/#primaryimage\",\"url\":\"https:\/\/monteirogrill.com\/wp-content\/uploads\/2022\/07\/ordernow-fr.jpg\",\"contentUrl\":\"https:\/\/monteirogrill.com\/wp-content\/uploads\/2022\/07\/ordernow-fr.jpg\"},{\"@type\":\"BreadcrumbList\",\"@id\":\"https:\/\/monteirogrill.com\/en\/#breadcrumb\",\"itemListElement\":[{\"@type\":\"ListItem\",\"position\":1,\"name\":\"Accueil\",\"item\":\"https:\/\/monteirogrill.com\/en\/\"},{\"@type\":\"ListItem\",\"position\":2,\"name\":\"Home\"}]},{\"@type\":\"WebSite\",\"@id\":\"https:\/\/monteirogrill.com\/#website\",\"url\":\"https:\/\/monteirogrill.com\/\",\"name\":\"Monteiro Grillades Portugaises\",\"description\":\"Peri Peri \u2022 BBQ\",\"potentialAction\":[{\"@type\":\"SearchAction\",\"target\":{\"@type\":\"EntryPoint\",\"urlTemplate\":\"https:\/\/monteirogrill.com\/?s={search_term_string}\"},\"query-input\":{\"@type\":\"PropertyValueSpecification\",\"valueRequired\":true,\"valueName\":\"search_term_string\"}}],\"inLanguage\":\"en-US\"}]}<\/script>\n<!-- \/ Yoast SEO Premium plugin. -->","yoast_head_json":{"title":"Monteiro Grillades Portugaises","description":"Convivialit\u00e9 \u2022 Famillial \u2022 G\u00e9n\u00e9rosit\u00e9 - Monteiro a \u00e9t\u00e9 cr\u00e9\u00e9 en 2013 \u00e0 Montr\u00e9al \u00e0 partir d\u2019une id\u00e9e simple mais au combien ambitieuse","robots":{"index":"index","follow":"follow","max-snippet":"max-snippet:-1","max-image-preview":"max-image-preview:large","max-video-preview":"max-video-preview:-1"},"canonical":"https:\/\/monteirogrill.com\/en\/","og_locale":"en_US","og_type":"article","og_title":"Home","og_description":"Convivialit\u00e9 \u2022 Famillial \u2022 G\u00e9n\u00e9rosit\u00e9 - Monteiro a \u00e9t\u00e9 cr\u00e9\u00e9 en 2013 \u00e0 Montr\u00e9al \u00e0 partir d\u2019une id\u00e9e simple mais au combien ambitieuse","og_url":"https:\/\/monteirogrill.com\/en\/","og_site_name":"Monteiro Grillades Portugaises","article_modified_time":"2026-02-26T19:03:22+00:00","og_image":[{"url":"http:\/\/monteirogrill.com\/wp-content\/uploads\/2018\/10\/socialcombos.jpg","type":"","width":"","height":""}],"twitter_card":"summary_large_image","twitter_description":"Convivialit\u00e9 \u2022 Famillial \u2022 G\u00e9n\u00e9rosit\u00e9 - Monteiro a \u00e9t\u00e9 cr\u00e9\u00e9 en 2013 \u00e0 Montr\u00e9al \u00e0 partir d\u2019une id\u00e9e simple mais au combien ambitieuse","twitter_misc":{"Est. reading time":"4 minutes"},"schema":{"@context":"https:\/\/schema.org","@graph":[{"@type":"WebPage","@id":"https:\/\/monteirogrill.com\/en\/","url":"https:\/\/monteirogrill.com\/en\/","name":"Monteiro Grillades Portugaises","isPartOf":{"@id":"https:\/\/monteirogrill.com\/#website"},"primaryImageOfPage":{"@id":"https:\/\/monteirogrill.com\/en\/#primaryimage"},"image":{"@id":"https:\/\/monteirogrill.com\/en\/#primaryimage"},"thumbnailUrl":"https:\/\/monteirogrill.com\/wp-content\/uploads\/2022\/07\/ordernow-fr.jpg","datePublished":"2018-07-04T20:31:53+00:00","dateModified":"2026-02-26T19:03:22+00:00","description":"Convivialit\u00e9 \u2022 Famillial \u2022 G\u00e9n\u00e9rosit\u00e9 - Monteiro a \u00e9t\u00e9 cr\u00e9\u00e9 en 2013 \u00e0 Montr\u00e9al \u00e0 partir d\u2019une id\u00e9e simple mais au combien ambitieuse","breadcrumb":{"@id":"https:\/\/monteirogrill.com\/en\/#breadcrumb"},"inLanguage":"en-US","potentialAction":[{"@type":"ReadAction","target":["https:\/\/monteirogrill.com\/en\/"]}]},{"@type":"ImageObject","inLanguage":"en-US","@id":"https:\/\/monteirogrill.com\/en\/#primaryimage","url":"https:\/\/monteirogrill.com\/wp-content\/uploads\/2022\/07\/ordernow-fr.jpg","contentUrl":"https:\/\/monteirogrill.com\/wp-content\/uploads\/2022\/07\/ordernow-fr.jpg"},{"@type":"BreadcrumbList","@id":"https:\/\/monteirogrill.com\/en\/#breadcrumb","itemListElement":[{"@type":"ListItem","position":1,"name":"Accueil","item":"https:\/\/monteirogrill.com\/en\/"},{"@type":"ListItem","position":2,"name":"Home"}]},{"@type":"WebSite","@id":"https:\/\/monteirogrill.com\/#website","url":"https:\/\/monteirogrill.com\/","name":"Monteiro Grillades Portugaises","description":"Peri Peri \u2022 BBQ","potentialAction":[{"@type":"SearchAction","target":{"@type":"EntryPoint","urlTemplate":"https:\/\/monteirogrill.com\/?s={search_term_string}"},"query-input":{"@type":"PropertyValueSpecification","valueRequired":true,"valueName":"search_term_string"}}],"inLanguage":"en-US"}]}},"_links":{"self":[{"href":"https:\/\/monteirogrill.com\/en\/wp-json\/wp\/v2\/pages\/682","targetHints":{"allow":["GET"]}}],"collection":[{"href":"https:\/\/monteirogrill.com\/en\/wp-json\/wp\/v2\/pages"}],"about":[{"href":"https:\/\/monteirogrill.com\/en\/wp-json\/wp\/v2\/types\/page"}],"author":[{"embeddable":true,"href":"https:\/\/monteirogrill.com\/en\/wp-json\/wp\/v2\/users\/1"}],"replies":[{"embeddable":true,"href":"https:\/\/monteirogrill.com\/en\/wp-json\/wp\/v2\/comments?post=682"}],"version-history":[{"count":28,"href":"https:\/\/monteirogrill.com\/en\/wp-json\/wp\/v2\/pages\/682\/revisions"}],"predecessor-version":[{"id":2339,"href":"https:\/\/monteirogrill.com\/en\/wp-json\/wp\/v2\/pages\/682\/revisions\/2339"}],"wp:attachment":[{"href":"https:\/\/monteirogrill.com\/en\/wp-json\/wp\/v2\/media?parent=682"}],"curies":[{"name":"wp","href":"https:\/\/api.w.org\/{rel}","templated":true}]}}