{"id":751,"date":"2018-07-04T21:18:27","date_gmt":"2018-07-04T21:18:27","guid":{"rendered":"http:\/\/greenstardesigns.com\/work\/monteiro2\/our-story\/"},"modified":"2018-10-15T20:42:29","modified_gmt":"2018-10-15T20:42:29","slug":"our-story","status":"publish","type":"page","link":"https:\/\/monteirogrill.com\/en\/our-story\/","title":{"rendered":"Our story"},"content":{"rendered":"<section class=\"wpb-content-wrapper\"><p>[vc_row full_width=&#8221;stretch_row&#8221; css_tabs=&#8221;&#8221; css=&#8221;.vc_custom_1539636145588{background-color: #fd9512 !important;}&#8221;][vc_column][vc_empty_space height=&#8221;60px&#8221;][vc_column_text]<img loading=\"lazy\" decoding=\"async\" class=\"size-full wp-image-307 aligncenter\" src=\"http:\/\/monteirogrill.com\/wp-content\/uploads\/2018\/10\/notre-histoire-en.jpg\" alt=\"\" width=\"914\" height=\"119\" \/>[\/vc_column_text][vc_empty_space height=&#8221;60px&#8221;][\/vc_column][\/vc_row][vc_row full_width=&#8221;stretch_row_content&#8221; equal_height=&#8221;yes&#8221; css=&#8221;.vc_custom_1527262793640{background-color: #ffffff !important;}&#8221;][vc_column][vc_row_inner][vc_column_inner width=&#8221;1\/2&#8243;][vc_column_text]<img loading=\"lazy\" decoding=\"async\" class=\"alignnone size-full wp-image-1041\" src=\"http:\/\/monteirogrill.com\/wp-content\/uploads\/2018\/05\/notre-histoire-01.jpg\" alt=\"\" width=\"800\" height=\"563\" srcset=\"https:\/\/monteirogrill.com\/wp-content\/uploads\/2018\/05\/notre-histoire-01.jpg 800w, https:\/\/monteirogrill.com\/wp-content\/uploads\/2018\/05\/notre-histoire-01-300x211.jpg 300w, https:\/\/monteirogrill.com\/wp-content\/uploads\/2018\/05\/notre-histoire-01-768x540.jpg 768w, https:\/\/monteirogrill.com\/wp-content\/uploads\/2018\/05\/notre-histoire-01-700x493.jpg 700w\" sizes=\"auto, (max-width: 800px) 100vw, 800px\" \/>[\/vc_column_text][\/vc_column_inner][vc_column_inner width=&#8221;1\/2&#8243; css=&#8221;.vc_custom_1527261798750{padding: 10% !important;}&#8221;][vc_column_text]<\/p>\n<p style=\"text-align: justify;\">Monteiro was created in 2013 in Montreal from a simple but ambitious idea: &#8220;Make the best Portuguese chicken in Montreal in a family friendly restaurant&#8221;!<\/p>\n<p style=\"text-align: justify;\">As early as 2013, the first Monteiro restaurant opened its doors at the famous Jean-Talon market and the success was the rendezvous with customers unanimous about the taste and quality of our products!<\/p>\n<p>[\/vc_column_text][\/vc_column_inner][\/vc_row_inner][vc_row_inner][vc_column_inner width=&#8221;1\/2&#8243; css=&#8221;.vc_custom_1527261798750{padding: 10% !important;}&#8221;][vc_column_text]<\/p>\n<p style=\"text-align: justify;\">Building on this success, our concept has become a fast-growing franchise and has become a strong presence in the Portuguese rotisserie market in Montreal with already 4 open restaurants and others in progress for 2018.<\/p>\n<p>[\/vc_column_text][\/vc_column_inner][vc_column_inner width=&#8221;1\/2&#8243;][vc_column_text]<img loading=\"lazy\" decoding=\"async\" class=\"alignnone size-full wp-image-1042\" src=\"http:\/\/monteirogrill.com\/wp-content\/uploads\/2018\/05\/notre-histoire-02.jpg\" alt=\"\" width=\"800\" height=\"563\" srcset=\"https:\/\/monteirogrill.com\/wp-content\/uploads\/2018\/05\/notre-histoire-02.jpg 800w, https:\/\/monteirogrill.com\/wp-content\/uploads\/2018\/05\/notre-histoire-02-300x211.jpg 300w, https:\/\/monteirogrill.com\/wp-content\/uploads\/2018\/05\/notre-histoire-02-768x540.jpg 768w, https:\/\/monteirogrill.com\/wp-content\/uploads\/2018\/05\/notre-histoire-02-700x493.jpg 700w\" sizes=\"auto, (max-width: 800px) 100vw, 800px\" \/>[\/vc_column_text][\/vc_column_inner][\/vc_row_inner][vc_row_inner][vc_column_inner width=&#8221;2\/3&#8243;][vc_column_text]<img loading=\"lazy\" decoding=\"async\" class=\"size-full wp-image-1043 aligncenter\" src=\"http:\/\/monteirogrill.com\/wp-content\/uploads\/2018\/05\/notre-histoire-03.jpg\" alt=\"\" width=\"935\" height=\"563\" srcset=\"https:\/\/monteirogrill.com\/wp-content\/uploads\/2018\/05\/notre-histoire-03.jpg 935w, https:\/\/monteirogrill.com\/wp-content\/uploads\/2018\/05\/notre-histoire-03-300x181.jpg 300w, https:\/\/monteirogrill.com\/wp-content\/uploads\/2018\/05\/notre-histoire-03-768x462.jpg 768w, https:\/\/monteirogrill.com\/wp-content\/uploads\/2018\/05\/notre-histoire-03-700x421.jpg 700w\" sizes=\"auto, (max-width: 935px) 100vw, 935px\" \/>[\/vc_column_text][\/vc_column_inner][vc_column_inner width=&#8221;1\/3&#8243; css=&#8221;.vc_custom_1527274995076{padding-top: 10% !important;padding-right: 10% !important;padding-bottom: 10% !important;padding-left: 10% !important;}&#8221;][vc_column_text]<\/p>\n<p style=\"text-align: justify;\">The success of our franchise is based above all on our commitment to providing you with exceptional quality of service and genuine taste of our &#8220;made in Portugal&#8221; products, all in a relaxed, family and friendly atmosphere!<\/p>\n<p style=\"text-align: center;\">\u201cObrigado Monteiro\u201d<\/p>\n<p>[\/vc_column_text][\/vc_column_inner][\/vc_row_inner][\/vc_column][\/vc_row][vc_row full_width=&#8221;stretch_row_content_no_spaces&#8221; row_hide_xs=&#8221;yes&#8221; css=&#8221;.vc_custom_1539624172849{background-color: #000000 !important;}&#8221;][vc_column][vc_column_text]<a href=\"https:\/\/monteirogrill.com\/en\/contact-monteiro\/\"><img loading=\"lazy\" decoding=\"async\" class=\"size-full wp-image-1093 aligncenter\" src=\"http:\/\/monteirogrill.com\/wp-content\/uploads\/2018\/10\/order-en.jpg\" alt=\"\" width=\"1000\" height=\"120\" \/><\/a>[\/vc_column_text][\/vc_column][\/vc_row][vc_row full_width=&#8221;stretch_row_content_no_spaces&#8221; row_hide_lg=&#8221;yes&#8221; row_hide_md=&#8221;yes&#8221; row_hide_sm=&#8221;yes&#8221; css=&#8221;.vc_custom_1539624177930{background-color: #000000 !important;}&#8221;][vc_column][vc_column_text]<a href=\"https:\/\/monteirogrill.com\/en\/contact-monteiro\/\"><img decoding=\"async\" class=\"size-full wp-image-1093 aligncenter\" src=\"http:\/\/monteirogrill.com\/wp-content\/uploads\/2018\/10\/order-en-mob.jpg\" \/><\/a>[\/vc_column_text][\/vc_column][\/vc_row]<\/p>\n<\/section>","protected":false},"excerpt":{"rendered":"<p>[vc_row full_width=&#8221;stretch_row&#8221; css_tabs=&#8221;&#8221; css=&#8221;.vc_custom_1539636145588{background-color: #fd9512 !important;}&#8221;][vc_column][vc_empty_space height=&#8221;60px&#8221;][vc_column_text][\/vc_column_text][vc_empty_space height=&#8221;60px&#8221;][\/vc_column][\/vc_row][vc_row full_width=&#8221;stretch_row_content&#8221; equal_height=&#8221;yes&#8221; css=&#8221;.vc_custom_1527262793640{background-color: #ffffff !important;}&#8221;][vc_column][vc_row_inner][vc_column_inner width=&#8221;1\/2&#8243;][vc_column_text][\/vc_column_text][\/vc_column_inner][vc_column_inner width=&#8221;1\/2&#8243; css=&#8221;.vc_custom_1527261798750{padding: 10% !important;}&#8221;][vc_column_text] Monteiro was created in 2013 in Montreal from a simple but ambitious [&hellip;]<\/p>\n","protected":false},"author":1,"featured_media":0,"parent":0,"menu_order":0,"comment_status":"closed","ping_status":"closed","template":"","meta":{"footnotes":""},"class_list":["post-751","page","type-page","status-publish","hentry"],"yoast_head":"<!-- This site is optimized with the Yoast SEO Premium plugin v18.5 (Yoast SEO v25.8) - https:\/\/yoast.com\/wordpress\/plugins\/seo\/ -->\n<title>Our story - Monteiro Grillades Portugaises<\/title>\n<meta name=\"description\" content=\"Monteiro a \u00e9t\u00e9 cr\u00e9\u00e9 en 2013 \u00e0 Montr\u00e9al \u00e0 partir d\u2019une id\u00e9e simple mais au combien ambitieuse : \u201cFaire le meilleur poulet Portugais de Montr\u00e9al dans un restaurant convivial et familial\u201d!\" \/>\n<meta name=\"robots\" content=\"index, follow, max-snippet:-1, max-image-preview:large, max-video-preview:-1\" \/>\n<link rel=\"canonical\" href=\"https:\/\/monteirogrill.com\/en\/our-story\/\" \/>\n<meta property=\"og:locale\" content=\"en_US\" \/>\n<meta property=\"og:type\" content=\"article\" \/>\n<meta property=\"og:title\" content=\"Our story\" \/>\n<meta property=\"og:description\" content=\"Monteiro a \u00e9t\u00e9 cr\u00e9\u00e9 en 2013 \u00e0 Montr\u00e9al \u00e0 partir d\u2019une id\u00e9e simple mais au combien ambitieuse : \u201cFaire le meilleur poulet Portugais de Montr\u00e9al dans un restaurant convivial et familial\u201d!\" \/>\n<meta property=\"og:url\" content=\"https:\/\/monteirogrill.com\/en\/our-story\/\" \/>\n<meta property=\"og:site_name\" content=\"Monteiro Grillades Portugaises\" \/>\n<meta property=\"article:modified_time\" content=\"2018-10-15T20:42:29+00:00\" \/>\n<meta property=\"og:image\" content=\"https:\/\/monteirogrill.com\/wp-content\/uploads\/2018\/05\/notre-histoire-00.jpg\" \/>\n\t<meta property=\"og:image:width\" content=\"914\" \/>\n\t<meta property=\"og:image:height\" content=\"119\" \/>\n\t<meta property=\"og:image:type\" content=\"image\/jpeg\" \/>\n<meta name=\"twitter:card\" content=\"summary_large_image\" \/>\n<meta name=\"twitter:description\" content=\"Monteiro a \u00e9t\u00e9 cr\u00e9\u00e9 en 2013 \u00e0 Montr\u00e9al \u00e0 partir d\u2019une id\u00e9e simple mais au combien ambitieuse : \u201cFaire le meilleur poulet Portugais de Montr\u00e9al dans un restaurant convivial et familial\u201d!\" \/>\n<meta name=\"twitter:label1\" content=\"Est. reading time\" \/>\n\t<meta name=\"twitter:data1\" content=\"2 minutes\" \/>\n<script type=\"application\/ld+json\" class=\"yoast-schema-graph\">{\"@context\":\"https:\/\/schema.org\",\"@graph\":[{\"@type\":\"WebPage\",\"@id\":\"https:\/\/monteirogrill.com\/en\/our-story\/\",\"url\":\"https:\/\/monteirogrill.com\/en\/our-story\/\",\"name\":\"Our story - Monteiro Grillades Portugaises\",\"isPartOf\":{\"@id\":\"https:\/\/monteirogrill.com\/#website\"},\"primaryImageOfPage\":{\"@id\":\"https:\/\/monteirogrill.com\/en\/our-story\/#primaryimage\"},\"image\":{\"@id\":\"https:\/\/monteirogrill.com\/en\/our-story\/#primaryimage\"},\"thumbnailUrl\":\"http:\/\/monteirogrill.com\/wp-content\/uploads\/2018\/10\/notre-histoire-en.jpg\",\"datePublished\":\"2018-07-04T21:18:27+00:00\",\"dateModified\":\"2018-10-15T20:42:29+00:00\",\"description\":\"Monteiro a \u00e9t\u00e9 cr\u00e9\u00e9 en 2013 \u00e0 Montr\u00e9al \u00e0 partir d\u2019une id\u00e9e simple mais au combien ambitieuse : \u201cFaire le meilleur poulet Portugais de Montr\u00e9al dans un restaurant convivial et familial\u201d!\",\"breadcrumb\":{\"@id\":\"https:\/\/monteirogrill.com\/en\/our-story\/#breadcrumb\"},\"inLanguage\":\"en-US\",\"potentialAction\":[{\"@type\":\"ReadAction\",\"target\":[\"https:\/\/monteirogrill.com\/en\/our-story\/\"]}]},{\"@type\":\"ImageObject\",\"inLanguage\":\"en-US\",\"@id\":\"https:\/\/monteirogrill.com\/en\/our-story\/#primaryimage\",\"url\":\"http:\/\/monteirogrill.com\/wp-content\/uploads\/2018\/10\/notre-histoire-en.jpg\",\"contentUrl\":\"http:\/\/monteirogrill.com\/wp-content\/uploads\/2018\/10\/notre-histoire-en.jpg\"},{\"@type\":\"BreadcrumbList\",\"@id\":\"https:\/\/monteirogrill.com\/en\/our-story\/#breadcrumb\",\"itemListElement\":[{\"@type\":\"ListItem\",\"position\":1,\"name\":\"Accueil\",\"item\":\"https:\/\/monteirogrill.com\/en\/\"},{\"@type\":\"ListItem\",\"position\":2,\"name\":\"Our story\"}]},{\"@type\":\"WebSite\",\"@id\":\"https:\/\/monteirogrill.com\/#website\",\"url\":\"https:\/\/monteirogrill.com\/\",\"name\":\"Monteiro Grillades Portugaises\",\"description\":\"Peri Peri \u2022 BBQ\",\"potentialAction\":[{\"@type\":\"SearchAction\",\"target\":{\"@type\":\"EntryPoint\",\"urlTemplate\":\"https:\/\/monteirogrill.com\/?s={search_term_string}\"},\"query-input\":{\"@type\":\"PropertyValueSpecification\",\"valueRequired\":true,\"valueName\":\"search_term_string\"}}],\"inLanguage\":\"en-US\"}]}<\/script>\n<!-- \/ Yoast SEO Premium plugin. -->","yoast_head_json":{"title":"Our story - Monteiro Grillades Portugaises","description":"Monteiro a \u00e9t\u00e9 cr\u00e9\u00e9 en 2013 \u00e0 Montr\u00e9al \u00e0 partir d\u2019une id\u00e9e simple mais au combien ambitieuse : \u201cFaire le meilleur poulet Portugais de Montr\u00e9al dans un restaurant convivial et familial\u201d!","robots":{"index":"index","follow":"follow","max-snippet":"max-snippet:-1","max-image-preview":"max-image-preview:large","max-video-preview":"max-video-preview:-1"},"canonical":"https:\/\/monteirogrill.com\/en\/our-story\/","og_locale":"en_US","og_type":"article","og_title":"Our story","og_description":"Monteiro a \u00e9t\u00e9 cr\u00e9\u00e9 en 2013 \u00e0 Montr\u00e9al \u00e0 partir d\u2019une id\u00e9e simple mais au combien ambitieuse : \u201cFaire le meilleur poulet Portugais de Montr\u00e9al dans un restaurant convivial et familial\u201d!","og_url":"https:\/\/monteirogrill.com\/en\/our-story\/","og_site_name":"Monteiro Grillades Portugaises","article_modified_time":"2018-10-15T20:42:29+00:00","og_image":[{"width":914,"height":119,"url":"https:\/\/monteirogrill.com\/wp-content\/uploads\/2018\/05\/notre-histoire-00.jpg","type":"image\/jpeg"}],"twitter_card":"summary_large_image","twitter_description":"Monteiro a \u00e9t\u00e9 cr\u00e9\u00e9 en 2013 \u00e0 Montr\u00e9al \u00e0 partir d\u2019une id\u00e9e simple mais au combien ambitieuse : \u201cFaire le meilleur poulet Portugais de Montr\u00e9al dans un restaurant convivial et familial\u201d!","twitter_misc":{"Est. reading time":"2 minutes"},"schema":{"@context":"https:\/\/schema.org","@graph":[{"@type":"WebPage","@id":"https:\/\/monteirogrill.com\/en\/our-story\/","url":"https:\/\/monteirogrill.com\/en\/our-story\/","name":"Our story - Monteiro Grillades Portugaises","isPartOf":{"@id":"https:\/\/monteirogrill.com\/#website"},"primaryImageOfPage":{"@id":"https:\/\/monteirogrill.com\/en\/our-story\/#primaryimage"},"image":{"@id":"https:\/\/monteirogrill.com\/en\/our-story\/#primaryimage"},"thumbnailUrl":"http:\/\/monteirogrill.com\/wp-content\/uploads\/2018\/10\/notre-histoire-en.jpg","datePublished":"2018-07-04T21:18:27+00:00","dateModified":"2018-10-15T20:42:29+00:00","description":"Monteiro a \u00e9t\u00e9 cr\u00e9\u00e9 en 2013 \u00e0 Montr\u00e9al \u00e0 partir d\u2019une id\u00e9e simple mais au combien ambitieuse : \u201cFaire le meilleur poulet Portugais de Montr\u00e9al dans un restaurant convivial et familial\u201d!","breadcrumb":{"@id":"https:\/\/monteirogrill.com\/en\/our-story\/#breadcrumb"},"inLanguage":"en-US","potentialAction":[{"@type":"ReadAction","target":["https:\/\/monteirogrill.com\/en\/our-story\/"]}]},{"@type":"ImageObject","inLanguage":"en-US","@id":"https:\/\/monteirogrill.com\/en\/our-story\/#primaryimage","url":"http:\/\/monteirogrill.com\/wp-content\/uploads\/2018\/10\/notre-histoire-en.jpg","contentUrl":"http:\/\/monteirogrill.com\/wp-content\/uploads\/2018\/10\/notre-histoire-en.jpg"},{"@type":"BreadcrumbList","@id":"https:\/\/monteirogrill.com\/en\/our-story\/#breadcrumb","itemListElement":[{"@type":"ListItem","position":1,"name":"Accueil","item":"https:\/\/monteirogrill.com\/en\/"},{"@type":"ListItem","position":2,"name":"Our story"}]},{"@type":"WebSite","@id":"https:\/\/monteirogrill.com\/#website","url":"https:\/\/monteirogrill.com\/","name":"Monteiro Grillades Portugaises","description":"Peri Peri \u2022 BBQ","potentialAction":[{"@type":"SearchAction","target":{"@type":"EntryPoint","urlTemplate":"https:\/\/monteirogrill.com\/?s={search_term_string}"},"query-input":{"@type":"PropertyValueSpecification","valueRequired":true,"valueName":"search_term_string"}}],"inLanguage":"en-US"}]}},"_links":{"self":[{"href":"https:\/\/monteirogrill.com\/en\/wp-json\/wp\/v2\/pages\/751","targetHints":{"allow":["GET"]}}],"collection":[{"href":"https:\/\/monteirogrill.com\/en\/wp-json\/wp\/v2\/pages"}],"about":[{"href":"https:\/\/monteirogrill.com\/en\/wp-json\/wp\/v2\/types\/page"}],"author":[{"embeddable":true,"href":"https:\/\/monteirogrill.com\/en\/wp-json\/wp\/v2\/users\/1"}],"replies":[{"embeddable":true,"href":"https:\/\/monteirogrill.com\/en\/wp-json\/wp\/v2\/comments?post=751"}],"version-history":[{"count":8,"href":"https:\/\/monteirogrill.com\/en\/wp-json\/wp\/v2\/pages\/751\/revisions"}],"predecessor-version":[{"id":1148,"href":"https:\/\/monteirogrill.com\/en\/wp-json\/wp\/v2\/pages\/751\/revisions\/1148"}],"wp:attachment":[{"href":"https:\/\/monteirogrill.com\/en\/wp-json\/wp\/v2\/media?parent=751"}],"curies":[{"name":"wp","href":"https:\/\/api.w.org\/{rel}","templated":true}]}}